{"id":52,"date":"2022-11-03T16:06:50","date_gmt":"2022-11-03T16:06:50","guid":{"rendered":"https:\/\/mcc.cnc.uc.pt\/?page_id=52"},"modified":"2023-02-03T16:59:46","modified_gmt":"2023-02-03T16:59:46","slug":"travel-information","status":"publish","type":"page","link":"https:\/\/mcc.cnc.uc.pt\/?page_id=52","title":{"rendered":"Travel Information"},"content":{"rendered":"\t\t<div data-elementor-type=\"wp-page\" data-elementor-id=\"52\" class=\"elementor elementor-52\">\n\t\t\t\t\t\t\t\t\t<section class=\"elementor-section elementor-top-section elementor-element elementor-element-68fa6768 elementor-section-boxed elementor-section-height-default elementor-section-height-default\" data-id=\"68fa6768\" data-element_type=\"section\">\n\t\t\t\t\t\t<div class=\"elementor-container elementor-column-gap-default\">\n\t\t\t\t\t<div class=\"elementor-column elementor-col-100 elementor-top-column elementor-element elementor-element-542aba6f\" data-id=\"542aba6f\" data-element_type=\"column\">\n\t\t\t<div class=\"elementor-widget-wrap elementor-element-populated\">\n\t\t\t\t\t\t\t\t<div class=\"elementor-element elementor-element-14c2bb2d elementor-widget elementor-widget-text-editor\" data-id=\"14c2bb2d\" data-element_type=\"widget\" data-widget_type=\"text-editor.default\">\n\t\t\t\t<div class=\"elementor-widget-container\">\n\t\t\t<style>\/*! elementor - v3.8.0 - 30-10-2022 *\/\n.elementor-widget-text-editor.elementor-drop-cap-view-stacked .elementor-drop-cap{background-color:#818a91;color:#fff}.elementor-widget-text-editor.elementor-drop-cap-view-framed .elementor-drop-cap{color:#818a91;border:3px solid;background-color:transparent}.elementor-widget-text-editor:not(.elementor-drop-cap-view-default) .elementor-drop-cap{margin-top:8px}.elementor-widget-text-editor:not(.elementor-drop-cap-view-default) .elementor-drop-cap-letter{width:1em;height:1em}.elementor-widget-text-editor .elementor-drop-cap{float:left;text-align:center;line-height:1;font-size:50px}.elementor-widget-text-editor .elementor-drop-cap-letter{display:inline-block}<\/style>\t\t\t\t<p><!-- wp:paragraph --><\/p>\n<p><!-- \/wp:paragraph --><!-- wp:heading {\"textAlign\":\"center\",\"level\":5} --><\/p>\n<h5 style=\"text-align: center;\"><mark style=\"background-color: rgba(0, 0, 0, 0);\">The Medical<\/mark><mark style=\"background-color: rgba(0, 0, 0, 0);\">Cannabis Coimbra Congress will be at&nbsp;<\/mark><b style=\"background-color: rgba(0, 0, 0, 0); color: rgb(0, 0, 0); font-family: inherit;\">Student Hub &#8211; University of Coimbra (P\u00f3lo I).<\/b><\/h5>\n<h5 style=\"text-align: center;\">&nbsp;<\/h5>\n<div><mark style=\"background-color: rgba(0, 0, 0, 0);\">Edif\u00edcio da FMUC, Rua Larga, r\u00e9s do ch\u00e3o, 3004-504 Coimbra.<\/mark><\/div>\n<p><!-- \/wp:paragraph --><!-- wp:columns --><\/p>\n<div>\n<p><!-- wp:column --><\/p>\n<div>&nbsp;<\/div>\n<p><!-- \/wp:column --><\/p>\n<\/div>\n<p><!-- \/wp:columns --><!-- wp:heading {\"textAlign\":\"center\",\"level\":4} --><\/p>\n<h4><mark style=\"background-color: rgba(0, 0, 0, 0);\">Find useful information about Coimbra&nbsp;<a href=\"https:\/\/www.cm-coimbra.pt\/en\/areas\/visit\" target=\"_blank\" rel=\"noreferrer noopener\">here.<\/a><\/mark><\/h4>\n<div><mark style=\"background-color: rgba(0, 0, 0, 0);\">&nbsp;<\/mark><\/div>\n<h4><img decoding=\"async\" style=\"color: var( --e-global-color-text ); font-size: 14px;\" src=\"https:\/\/mcc.cnc.uc.pt\/wp-content\/uploads\/2022\/11\/Coimbra_e_o_rio_Mondego_6167200429_cropped-1.jpg\" alt=\"\"><\/h4>\n<div><br><\/div>\n<p><!-- \/wp:image --><\/p>\t\t\t\t\t\t<\/div>\n\t\t\t\t<\/div>\n\t\t\t\t\t<\/div>\n\t\t<\/div>\n\t\t\t\t\t\t\t<\/div>\n\t\t<\/section>\n\t\t\t\t\t\t\t<\/div>\n\t\t","protected":false},"excerpt":{"rendered":"<p>The MedicalCannabis Coimbra Congress will be at&nbsp;Student Hub &#8211; University of Coimbra (P\u00f3lo I). &nbsp; Edif\u00edcio da FMUC, Rua Larga, r\u00e9s do ch\u00e3o, 3004-504 Coimbra. &nbsp; Find useful information about Coimbra&nbsp;here. &nbsp;<\/p>\n","protected":false},"author":2,"featured_media":0,"parent":0,"menu_order":0,"comment_status":"closed","ping_status":"closed","template":"","meta":{"inline_featured_image":false,"footnotes":""},"class_list":["post-52","page","type-page","status-publish","hentry"],"_links":{"self":[{"href":"https:\/\/mcc.cnc.uc.pt\/index.php?rest_route=\/wp\/v2\/pages\/52","targetHints":{"allow":["GET"]}}],"collection":[{"href":"https:\/\/mcc.cnc.uc.pt\/index.php?rest_route=\/wp\/v2\/pages"}],"about":[{"href":"https:\/\/mcc.cnc.uc.pt\/index.php?rest_route=\/wp\/v2\/types\/page"}],"author":[{"embeddable":true,"href":"https:\/\/mcc.cnc.uc.pt\/index.php?rest_route=\/wp\/v2\/users\/2"}],"replies":[{"embeddable":true,"href":"https:\/\/mcc.cnc.uc.pt\/index.php?rest_route=%2Fwp%2Fv2%2Fcomments&post=52"}],"version-history":[{"count":45,"href":"https:\/\/mcc.cnc.uc.pt\/index.php?rest_route=\/wp\/v2\/pages\/52\/revisions"}],"predecessor-version":[{"id":1045,"href":"https:\/\/mcc.cnc.uc.pt\/index.php?rest_route=\/wp\/v2\/pages\/52\/revisions\/1045"}],"wp:attachment":[{"href":"https:\/\/mcc.cnc.uc.pt\/index.php?rest_route=%2Fwp%2Fv2%2Fmedia&parent=52"}],"curies":[{"name":"wp","href":"https:\/\/api.w.org\/{rel}","templated":true}]}}